{"id":1107,"date":"2024-07-22T12:19:32","date_gmt":"2024-07-22T12:19:32","guid":{"rendered":"https:\/\/sea-power.net\/?page_id=1107"},"modified":"2024-08-12T12:24:16","modified_gmt":"2024-08-12T12:24:16","slug":"fret-aerien","status":"publish","type":"page","link":"https:\/\/sea-power.net\/en\/fret-aerien\/","title":{"rendered":"Air Freight"},"content":{"rendered":"<section class=\"section\" id=\"section_128831657\">\n\t\t<div class=\"bg section-bg fill bg-fill\" >\n\n\t\t\t\n\t\t\t<div class=\"section-bg-overlay absolute fill\"><\/div>\n\t\t\t\n\n\t\t<\/div>\n\n\t\t\n\n\t\t<div class=\"section-content relative\">\n\t\t\t\n\n\t<div id=\"text-244155055\" class=\"text\">\n\t\t\n\n<h2><strong>Air Freight<br \/>\n<\/strong><\/h2>\n\t\t\n<style>\n#text-244155055 {\n  font-size: 1.7rem;\n  text-align: center;\n  color: rgb(255,255,255);\n}\n#text-244155055 > * {\n  color: rgb(255,255,255);\n}\n<\/style>\n\t<\/div>\n\t\n\n\t\t<\/div>\n\n\t\t\n<style>\n#section_128831657 {\n  padding-top: 30px;\n  padding-bottom: 30px;\n  background-color: rgb(16, 40, 68);\n}\n#section_128831657 .section-bg-overlay {\n  background-color: rgba(16, 40, 68, 0.808);\n}\n#section_128831657 .section-bg.bg-loaded {\n  background-image: url(https:\/\/sea-power.net\/wp-content\/uploads\/2024\/07\/home1-rev-1.jpg);\n}\n#section_128831657 .section-bg {\n  background-position: 60% 78%;\n}\n@media (min-width:550px) {\n  #section_128831657 {\n    padding-top: 60px;\n    padding-bottom: 60px;\n  }\n}\n<\/style>\n\t<\/section>\n\t\n\t<div id=\"gap-1651732517\" class=\"gap-element clearfix\" style=\"display:block; height:auto;\">\n\t\t\n<style>\n#gap-1651732517 {\n  padding-top: 60px;\n}\n@media (min-width:550px) {\n  #gap-1651732517 {\n    padding-top: 50px;\n  }\n}\n<\/style>\n\t<\/div>\n\t\n\n\t<section class=\"section\" id=\"section_110750511\">\n\t\t<div class=\"bg section-bg fill bg-fill  bg-loaded\" >\n\n\t\t\t\n\t\t\t\n\t\t\t\n\n\t\t<\/div>\n\n\t\t\n\n\t\t<div class=\"section-content relative\">\n\t\t\t\n\n<div class=\"row\"  id=\"row-185384034\">\n\n\n\t<div id=\"col-1176212463\" class=\"col small-12 large-12\"  >\n\t\t\t\t<div class=\"col-inner\"  >\n\t\t\t\n\t\t\t\n\n\t<div id=\"text-4246895385\" class=\"text\">\n\t\t\n\n<div class=\"mt-1 flex gap-3 empty:hidden -ml-2\">\n<div class=\"items-center justify-start rounded-xl p-1 flex\">\n<div class=\"flex items-center\">\n<div class=\"flex max-w-full flex-col flex-grow\">\n<div class=\"min-h-&#091;20px&#093; text-message flex w-full flex-col items-end gap-2 whitespace-pre-wrap break-words &#091;.text-message+&amp;&#093;:mt-5 overflow-x-auto\" dir=\"auto\" data-message-author-role=\"assistant\" data-message-id=\"cc391ab9-7a11-49d0-b538-e5819add72e0\">\n<div class=\"flex w-full flex-col gap-1 empty:hidden first:pt-&#091;3px&#093;\">\n<div class=\"markdown prose w-full break-words dark:prose-invert light\">\n<p>Sea Power provide the best air freight transportation solutions to its clients for domestic and international air cargo shipment. We do understand that airfreight is a premium and costly service therefore our program focuses on both quick transit and constant communication.<\/p>\n<p>We select the most time-sensitive and cost-effective route and support every phase of the supply chain.\nTime matters , we offer you effective solutions to your same-day needs and requirements combined with cost saving opportunities no matter your cargo\u2019s size, weight, frequency or type.<\/p>\n<p>Our aim is to understand our clients air freight and cargo challenges.<\/p>\n<p><span data-text-color=\"secondary\"><strong>Hand Carry: for urgent time sensitive deliveries, we can arrange domestic and international hand carry cargo services.<\/strong> <\/span>Hand Carry: for urgent time sensitive deliveries, we can arrange domestic and international hand carry cargo services.<\/p>\n<p><span data-text-color=\"secondary\"><strong>Charter Flights: we take care of all and ensure that your transport item reaches its target destination rapidly and safely.<\/strong> <\/span>Charter Flights: we take care of all and ensure that your transport item reaches its target destination rapidly and safely.<\/p>\n<p><span data-text-color=\"secondary\"><strong>Time Critical: for urgent cargo, we make sure that it arrives safely on time to your final location.<\/strong><\/span> pour les cargaisons urgentes, nous nous assurons qu&rsquo;elles arrivent en toute s\u00e9curit\u00e9 \u00e0 l&rsquo;heure pr\u00e9vue \u00e0 leur destination finale.<\/p>\n<p><span data-text-color=\"secondary\"><strong>Temp\u00e9rature contr\u00f4l\u00e9e :<\/strong> <\/span>Temperature Controlled: we ensure temperature stability for your cargo that requires controlled temperature.<\/p>\n<\/div>\n<\/div>\n<\/div>\n<\/div>\n<div class=\"mt-1 flex gap-3 empty:hidden -ml-2\">\n<div class=\"items-center justify-start rounded-xl p-1 flex\">\n<div class=\"flex items-center\">\u00a0<\/div>\n<\/div>\n<\/div>\n<\/div>\n<\/div>\n<\/div>\n\t\t\n<style>\n#text-4246895385 {\n  font-size: 1.2rem;\n  text-align: left;\n}\n@media (min-width:550px) {\n  #text-4246895385 {\n    font-size: 1.1rem;\n  }\n}\n<\/style>\n\t<\/div>\n\t\n\n\t\t<\/div>\n\t\t\t\t\n<style>\n#col-1176212463 > .col-inner {\n  padding: 0px 25px 0px 25px;\n}\n<\/style>\n\t<\/div>\n\n\t\n\n<\/div>\n\n\t\t<\/div>\n\n\t\t\n<style>\n#section_110750511 {\n  padding-top: 0px;\n  padding-bottom: 0px;\n}\n@media (min-width:550px) {\n  #section_110750511 {\n    padding-top: 30px;\n    padding-bottom: 30px;\n  }\n}\n<\/style>\n\t<\/section>\n\t\n\t<div id=\"gap-1436140153\" class=\"gap-element clearfix\" style=\"display:block; height:auto;\">\n\t\t\n<style>\n#gap-1436140153 {\n  padding-top: 100px;\n}\n<\/style>\n\t<\/div>","protected":false},"excerpt":{"rendered":"","protected":false},"author":580313,"featured_media":0,"parent":0,"menu_order":0,"comment_status":"closed","ping_status":"closed","template":"page-blank.php","meta":{"footnotes":""},"class_list":["post-1107","page","type-page","status-publish","hentry"],"_links":{"self":[{"href":"https:\/\/sea-power.net\/en\/wp-json\/wp\/v2\/pages\/1107"}],"collection":[{"href":"https:\/\/sea-power.net\/en\/wp-json\/wp\/v2\/pages"}],"about":[{"href":"https:\/\/sea-power.net\/en\/wp-json\/wp\/v2\/types\/page"}],"author":[{"embeddable":true,"href":"https:\/\/sea-power.net\/en\/wp-json\/wp\/v2\/users\/580313"}],"replies":[{"embeddable":true,"href":"https:\/\/sea-power.net\/en\/wp-json\/wp\/v2\/comments?post=1107"}],"version-history":[{"count":8,"href":"https:\/\/sea-power.net\/en\/wp-json\/wp\/v2\/pages\/1107\/revisions"}],"predecessor-version":[{"id":1257,"href":"https:\/\/sea-power.net\/en\/wp-json\/wp\/v2\/pages\/1107\/revisions\/1257"}],"wp:attachment":[{"href":"https:\/\/sea-power.net\/en\/wp-json\/wp\/v2\/media?parent=1107"}],"curies":[{"name":"wp","href":"https:\/\/api.w.org\/{rel}","templated":true}]}}